{"id":19499,"date":"2020-11-18T11:00:44","date_gmt":"2020-11-18T10:00:44","guid":{"rendered":"https:\/\/iberia.fiorentini.com\/homepage\/"},"modified":"2025-07-09T15:27:07","modified_gmt":"2025-07-09T13:27:07","slug":"homepage","status":"publish","type":"page","link":"https:\/\/www.fiorentini-usa.com\/es\/","title":{"rendered":"Inicio"},"content":{"rendered":"","protected":false},"excerpt":{"rendered":"","protected":false},"author":15,"featured_media":21173,"parent":0,"menu_order":0,"comment_status":"closed","ping_status":"closed","template":"","meta":{"_acf_changed":false,"inline_featured_image":false,"footnotes":""},"class_list":["post-19499","page","type-page","status-publish","has-post-thumbnail","hentry"],"acf":[],"yoast_head":"<!-- This site is optimized with the Yoast SEO plugin v27.2 - https:\/\/yoast.com\/product\/yoast-seo-wordpress\/ -->\n<title>Soluciones tecnol\u00f3gicas para el sistema multig\u00e1s - Pietro Fiorentini USA<\/title>\n<meta name=\"description\" content=\"Pietro Fiorentini USA dise\u00f1a y fabrica componentes, sistemas y servicios para la regulaci\u00f3n, medici\u00f3n, gesti\u00f3n del petr\u00f3leo y el gas natural.\" \/>\n<meta name=\"robots\" content=\"index, follow, max-snippet:-1, max-image-preview:large, max-video-preview:-1\" \/>\n<link rel=\"canonical\" href=\"https:\/\/www.fiorentini-usa.com\/es\/\" \/>\n<meta property=\"og:locale\" content=\"es_ES\" \/>\n<meta property=\"og:type\" content=\"article\" \/>\n<meta property=\"og:title\" content=\"Soluciones tecnol\u00f3gicas para el sistema multig\u00e1s | Pietro Fiorentini USA\" \/>\n<meta property=\"og:description\" content=\"Pietro Fiorentini USA dise\u00f1a y fabrica componentes, sistemas y servicios para la regulaci\u00f3n, medici\u00f3n, gesti\u00f3n del petr\u00f3leo y el gas natural.\" \/>\n<meta property=\"og:url\" content=\"https:\/\/www.fiorentini-usa.com\/es\/\" \/>\n<meta property=\"og:site_name\" content=\"Pietro Fiorentini\" \/>\n<meta property=\"article:modified_time\" content=\"2025-07-09T13:27:07+00:00\" \/>\n<meta property=\"og:image\" content=\"https:\/\/www.fiorentini-usa.com\/wp-content\/uploads\/2023\/02\/USA-satellite-view-scaled.jpeg\" \/>\n\t<meta property=\"og:image:width\" content=\"2560\" \/>\n\t<meta property=\"og:image:height\" content=\"1105\" \/>\n\t<meta property=\"og:image:type\" content=\"image\/jpeg\" \/>\n<meta name=\"twitter:card\" content=\"summary_large_image\" \/>\n<meta name=\"twitter:title\" content=\"Soluciones tecnol\u00f3gicas para el sistema multig\u00e1s | Pietro Fiorentini\" \/>\n<meta name=\"twitter:description\" content=\"Pietro Fiorentini USA dise\u00f1a y fabrica componentes, sistemas y servicios para la regulaci\u00f3n, medici\u00f3n, gesti\u00f3n del petr\u00f3leo y el gas natural.\" \/>\n<meta name=\"twitter:image\" content=\"https:\/\/www.fiorentini-usa.com\/wp-content\/uploads\/2023\/02\/USA-satellite-view-scaled.jpeg\" \/>\n<meta name=\"twitter:site\" content=\"@FiorentiniSpa\" \/>\n<meta name=\"twitter:label1\" content=\"Tiempo de lectura\" \/>\n\t<meta name=\"twitter:data1\" content=\"1 minuto\" \/>\n<script type=\"application\/ld+json\" class=\"yoast-schema-graph\">{\"@context\":\"https:\/\/schema.org\",\"@graph\":[{\"@type\":\"WebPage\",\"@id\":\"https:\/\/www.fiorentini-usa.com\/es\/\",\"url\":\"https:\/\/www.fiorentini-usa.com\/es\/\",\"name\":\"Soluciones tecnol\u00f3gicas para el sistema multig\u00e1s - Pietro Fiorentini USA\",\"isPartOf\":{\"@id\":\"https:\/\/www.fiorentini-usa.com\/es\/#website\"},\"primaryImageOfPage\":{\"@id\":\"https:\/\/www.fiorentini-usa.com\/es\/#primaryimage\"},\"image\":{\"@id\":\"https:\/\/www.fiorentini-usa.com\/es\/#primaryimage\"},\"thumbnailUrl\":\"https:\/\/www.fiorentini-usa.com\/wp-content\/uploads\/2022\/09\/flaticon-PF.jpg\",\"datePublished\":\"2020-11-18T10:00:44+00:00\",\"dateModified\":\"2025-07-09T13:27:07+00:00\",\"description\":\"Pietro Fiorentini USA dise\u00f1a y fabrica componentes, sistemas y servicios para la regulaci\u00f3n, medici\u00f3n, gesti\u00f3n del petr\u00f3leo y el gas natural.\",\"breadcrumb\":{\"@id\":\"https:\/\/www.fiorentini-usa.com\/es\/#breadcrumb\"},\"inLanguage\":\"es\",\"potentialAction\":[{\"@type\":\"ReadAction\",\"target\":[\"https:\/\/www.fiorentini-usa.com\/es\/\"]}]},{\"@type\":\"ImageObject\",\"inLanguage\":\"es\",\"@id\":\"https:\/\/www.fiorentini-usa.com\/es\/#primaryimage\",\"url\":\"https:\/\/www.fiorentini-usa.com\/wp-content\/uploads\/2022\/09\/flaticon-PF.jpg\",\"contentUrl\":\"https:\/\/www.fiorentini-usa.com\/wp-content\/uploads\/2022\/09\/flaticon-PF.jpg\",\"width\":142,\"height\":129,\"caption\":\"flaticon PF\"},{\"@type\":\"BreadcrumbList\",\"@id\":\"https:\/\/www.fiorentini-usa.com\/es\/#breadcrumb\",\"itemListElement\":[{\"@type\":\"ListItem\",\"position\":1,\"name\":\"Home\",\"item\":\"https:\/\/www.fiorentini-usa.com\/es\/\"},{\"@type\":\"ListItem\",\"position\":2,\"name\":\"Inicio\"}]},{\"@type\":\"WebSite\",\"@id\":\"https:\/\/www.fiorentini-usa.com\/es\/#website\",\"url\":\"https:\/\/www.fiorentini-usa.com\/es\/\",\"name\":\"Pietro Fiorentini\",\"description\":\"\",\"publisher\":{\"@id\":\"https:\/\/www.fiorentini-usa.com\/es\/#organization\"},\"potentialAction\":[{\"@type\":\"SearchAction\",\"target\":{\"@type\":\"EntryPoint\",\"urlTemplate\":\"https:\/\/www.fiorentini-usa.com\/es\/?s={search_term_string}\"},\"query-input\":{\"@type\":\"PropertyValueSpecification\",\"valueRequired\":true,\"valueName\":\"search_term_string\"}}],\"inLanguage\":\"es\"},{\"@type\":\"Organization\",\"@id\":\"https:\/\/www.fiorentini-usa.com\/es\/#organization\",\"name\":\"Pietro Fiorentini SpA\",\"url\":\"https:\/\/www.fiorentini-usa.com\/es\/\",\"logo\":{\"@type\":\"ImageObject\",\"inLanguage\":\"es\",\"@id\":\"https:\/\/www.fiorentini-usa.com\/es\/#\/schema\/logo\/image\/\",\"url\":\"https:\/\/www.fiorentini-usa.com\/wp-content\/uploads\/2020\/11\/logo.svg\",\"contentUrl\":\"https:\/\/www.fiorentini-usa.com\/wp-content\/uploads\/2020\/11\/logo.svg\",\"width\":227,\"height\":59,\"caption\":\"Pietro Fiorentini SpA\"},\"image\":{\"@id\":\"https:\/\/www.fiorentini-usa.com\/es\/#\/schema\/logo\/image\/\"},\"sameAs\":[\"https:\/\/x.com\/FiorentiniSpa\"]}]}<\/script>\n<!-- \/ Yoast SEO plugin. -->","yoast_head_json":{"title":"Soluciones tecnol\u00f3gicas para el sistema multig\u00e1s - Pietro Fiorentini USA","description":"Pietro Fiorentini USA dise\u00f1a y fabrica componentes, sistemas y servicios para la regulaci\u00f3n, medici\u00f3n, gesti\u00f3n del petr\u00f3leo y el gas natural.","robots":{"index":"index","follow":"follow","max-snippet":"max-snippet:-1","max-image-preview":"max-image-preview:large","max-video-preview":"max-video-preview:-1"},"canonical":"https:\/\/www.fiorentini-usa.com\/es\/","og_locale":"es_ES","og_type":"article","og_title":"Soluciones tecnol\u00f3gicas para el sistema multig\u00e1s | Pietro Fiorentini USA","og_description":"Pietro Fiorentini USA dise\u00f1a y fabrica componentes, sistemas y servicios para la regulaci\u00f3n, medici\u00f3n, gesti\u00f3n del petr\u00f3leo y el gas natural.","og_url":"https:\/\/www.fiorentini-usa.com\/es\/","og_site_name":"Pietro Fiorentini","article_modified_time":"2025-07-09T13:27:07+00:00","og_image":[{"width":2560,"height":1105,"url":"https:\/\/www.fiorentini-usa.com\/wp-content\/uploads\/2023\/02\/USA-satellite-view-scaled.jpeg","type":"image\/jpeg"}],"twitter_card":"summary_large_image","twitter_title":"Soluciones tecnol\u00f3gicas para el sistema multig\u00e1s | Pietro Fiorentini","twitter_description":"Pietro Fiorentini USA dise\u00f1a y fabrica componentes, sistemas y servicios para la regulaci\u00f3n, medici\u00f3n, gesti\u00f3n del petr\u00f3leo y el gas natural.","twitter_image":"https:\/\/www.fiorentini-usa.com\/wp-content\/uploads\/2023\/02\/USA-satellite-view-scaled.jpeg","twitter_site":"@FiorentiniSpa","twitter_misc":{"Tiempo de lectura":"1 minuto"},"schema":{"@context":"https:\/\/schema.org","@graph":[{"@type":"WebPage","@id":"https:\/\/www.fiorentini-usa.com\/es\/","url":"https:\/\/www.fiorentini-usa.com\/es\/","name":"Soluciones tecnol\u00f3gicas para el sistema multig\u00e1s - Pietro Fiorentini USA","isPartOf":{"@id":"https:\/\/www.fiorentini-usa.com\/es\/#website"},"primaryImageOfPage":{"@id":"https:\/\/www.fiorentini-usa.com\/es\/#primaryimage"},"image":{"@id":"https:\/\/www.fiorentini-usa.com\/es\/#primaryimage"},"thumbnailUrl":"https:\/\/www.fiorentini-usa.com\/wp-content\/uploads\/2022\/09\/flaticon-PF.jpg","datePublished":"2020-11-18T10:00:44+00:00","dateModified":"2025-07-09T13:27:07+00:00","description":"Pietro Fiorentini USA dise\u00f1a y fabrica componentes, sistemas y servicios para la regulaci\u00f3n, medici\u00f3n, gesti\u00f3n del petr\u00f3leo y el gas natural.","breadcrumb":{"@id":"https:\/\/www.fiorentini-usa.com\/es\/#breadcrumb"},"inLanguage":"es","potentialAction":[{"@type":"ReadAction","target":["https:\/\/www.fiorentini-usa.com\/es\/"]}]},{"@type":"ImageObject","inLanguage":"es","@id":"https:\/\/www.fiorentini-usa.com\/es\/#primaryimage","url":"https:\/\/www.fiorentini-usa.com\/wp-content\/uploads\/2022\/09\/flaticon-PF.jpg","contentUrl":"https:\/\/www.fiorentini-usa.com\/wp-content\/uploads\/2022\/09\/flaticon-PF.jpg","width":142,"height":129,"caption":"flaticon PF"},{"@type":"BreadcrumbList","@id":"https:\/\/www.fiorentini-usa.com\/es\/#breadcrumb","itemListElement":[{"@type":"ListItem","position":1,"name":"Home","item":"https:\/\/www.fiorentini-usa.com\/es\/"},{"@type":"ListItem","position":2,"name":"Inicio"}]},{"@type":"WebSite","@id":"https:\/\/www.fiorentini-usa.com\/es\/#website","url":"https:\/\/www.fiorentini-usa.com\/es\/","name":"Pietro Fiorentini","description":"","publisher":{"@id":"https:\/\/www.fiorentini-usa.com\/es\/#organization"},"potentialAction":[{"@type":"SearchAction","target":{"@type":"EntryPoint","urlTemplate":"https:\/\/www.fiorentini-usa.com\/es\/?s={search_term_string}"},"query-input":{"@type":"PropertyValueSpecification","valueRequired":true,"valueName":"search_term_string"}}],"inLanguage":"es"},{"@type":"Organization","@id":"https:\/\/www.fiorentini-usa.com\/es\/#organization","name":"Pietro Fiorentini SpA","url":"https:\/\/www.fiorentini-usa.com\/es\/","logo":{"@type":"ImageObject","inLanguage":"es","@id":"https:\/\/www.fiorentini-usa.com\/es\/#\/schema\/logo\/image\/","url":"https:\/\/www.fiorentini-usa.com\/wp-content\/uploads\/2020\/11\/logo.svg","contentUrl":"https:\/\/www.fiorentini-usa.com\/wp-content\/uploads\/2020\/11\/logo.svg","width":227,"height":59,"caption":"Pietro Fiorentini SpA"},"image":{"@id":"https:\/\/www.fiorentini-usa.com\/es\/#\/schema\/logo\/image\/"},"sameAs":["https:\/\/x.com\/FiorentiniSpa"]}]}},"_links":{"self":[{"href":"https:\/\/www.fiorentini-usa.com\/es\/wp-json\/wp\/v2\/pages\/19499","targetHints":{"allow":["GET"]}}],"collection":[{"href":"https:\/\/www.fiorentini-usa.com\/es\/wp-json\/wp\/v2\/pages"}],"about":[{"href":"https:\/\/www.fiorentini-usa.com\/es\/wp-json\/wp\/v2\/types\/page"}],"author":[{"embeddable":true,"href":"https:\/\/www.fiorentini-usa.com\/es\/wp-json\/wp\/v2\/users\/15"}],"replies":[{"embeddable":true,"href":"https:\/\/www.fiorentini-usa.com\/es\/wp-json\/wp\/v2\/comments?post=19499"}],"version-history":[{"count":3,"href":"https:\/\/www.fiorentini-usa.com\/es\/wp-json\/wp\/v2\/pages\/19499\/revisions"}],"predecessor-version":[{"id":24130,"href":"https:\/\/www.fiorentini-usa.com\/es\/wp-json\/wp\/v2\/pages\/19499\/revisions\/24130"}],"wp:featuredmedia":[{"embeddable":true,"href":"https:\/\/www.fiorentini-usa.com\/es\/wp-json\/wp\/v2\/media\/21173"}],"wp:attachment":[{"href":"https:\/\/www.fiorentini-usa.com\/es\/wp-json\/wp\/v2\/media?parent=19499"}],"curies":[{"name":"wp","href":"https:\/\/api.w.org\/{rel}","templated":true}]}}