{"id":19778,"date":"2022-04-29T17:49:17","date_gmt":"2022-04-29T15:49:17","guid":{"rendered":"https:\/\/iberia.fiorentini.com\/careers\/"},"modified":"2022-12-06T16:31:57","modified_gmt":"2022-12-06T15:31:57","slug":"unete-al-equipo","status":"publish","type":"page","link":"https:\/\/www.fiorentini-usa.com\/es\/unete-al-equipo\/","title":{"rendered":"\u00danete al equipo"},"content":{"rendered":"\n<h2 class=\"wp-block-heading\">People<\/h2>\n\n\n\n<div style=\"height:20px\" aria-hidden=\"true\" class=\"wp-block-spacer\"><\/div>\n\n\n\n<p>Cualquiera que venga a trabajar en Pietro Fiorentini encuentra un <strong>ambiente de trabajo abierto<\/strong>, libre de discriminaci\u00f3n, que ofrece grandes oportunidades a todos aquellos que desean aceptar el desaf\u00edo del cambio. El nuestro es un grupo internacional, dentro del cual compartir es la llave de una exitosa auto-expresi\u00f3n. En toda alianza cualquiera que sea m\u00e1s fuerte que t\u00fa, es m\u00e1s fuerte contigo.<\/p>\n\n\n\n<div style=\"height:20px\" aria-hidden=\"true\" class=\"wp-block-spacer\"><\/div>\n\n\n\n<h2 class=\"wp-block-heading\">Training<\/h2>\n\n\n\n<div style=\"height:20px\" aria-hidden=\"true\" class=\"wp-block-spacer\"><\/div>\n\n\n\n<p>Pietro Fiorentini es una <strong>organizationque aprende<\/strong>: esto significa que la gente que es parte de nuestro grupo est\u00e1 constantemente aprendiendo, de sus \u00e9xitos y tambien de sus fracasos, usando su experiencia directa y la de sus colegas para expandir su base de conocimiento. <strong>Crecimiento continuo es parte de nuestro DNA<\/strong> y es adquirido a trav\u00e9s de programas de capacitaci\u00f3n designados para desarrollar habilidades que est\u00e9n en l\u00ednea con nuestra estrategia de negocios. El objetivo es <strong>hacer que nuestra gente est\u00e9 mejor preparada y m\u00e1s motivada<\/strong>, lista para enfrentar los desaf\u00edos del mundo moderno gracias a procesos estructurados de crecimiento y planes de capacitaci\u00f3n adecuados.<\/p>\n\n\n\n<div style=\"height:20px\" aria-hidden=\"true\" class=\"wp-block-spacer\"><\/div>\n\n\n\n<h2 class=\"wp-block-heading\">Plan de carrera<\/h2>\n\n\n\n<div style=\"height:20px\" aria-hidden=\"true\" class=\"wp-block-spacer\"><\/div>\n\n\n\n<p>En Pietro Fiorentini, la carrera de cada uno y todos nuestros empleados es supervisada, soportada y nutrida con <strong>cursos de actualizaci\u00f3n<\/strong>, <strong>capacidades y oportunidades<\/strong>. Es as\u00ed como nosotros creamos una <strong>cultura de mejora cont\u00ednua<\/strong>, que lleva a todos nuestros empleados a comprometerse tanto con su crecimiento individual como con el de la compa\u00f1\u00eda.<\/p>\n","protected":false},"excerpt":{"rendered":"<p>People Cualquiera que venga a trabajar en Pietro Fiorentini encuentra un ambiente de trabajo abierto, libre de discriminaci\u00f3n, que ofrece grandes oportunidades a todos aquellos que desean aceptar el desaf\u00edo del cambio. El nuestro es un grupo internacional, dentro del cual compartir es la llave de una exitosa auto-expresi\u00f3n. En toda alianza cualquiera que sea [&hellip;]<\/p>\n","protected":false},"author":15,"featured_media":21097,"parent":0,"menu_order":0,"comment_status":"closed","ping_status":"closed","template":"template-careers.php","meta":{"_acf_changed":false,"inline_featured_image":false,"footnotes":""},"class_list":["post-19778","page","type-page","status-publish","has-post-thumbnail","hentry"],"acf":[],"yoast_head":"<!-- This site is optimized with the Yoast SEO plugin v27.2 - https:\/\/yoast.com\/product\/yoast-seo-wordpress\/ -->\n<title>\u00danete al equipo - Pietro Fiorentini USA<\/title>\n<meta name=\"description\" content=\"Trabajar en Pietro Fiorentini USA significa entrar en una gran familia y tener la oportunidad de crecer a nivel internacional.\" \/>\n<meta name=\"robots\" content=\"index, follow, max-snippet:-1, max-image-preview:large, max-video-preview:-1\" \/>\n<link rel=\"canonical\" href=\"https:\/\/www.fiorentini-usa.com\/es\/unete-al-equipo\/\" \/>\n<meta property=\"og:locale\" content=\"es_ES\" \/>\n<meta property=\"og:type\" content=\"article\" \/>\n<meta property=\"og:title\" content=\"\u00danete al equipo - Pietro Fiorentini USA\" \/>\n<meta property=\"og:description\" content=\"Trabajar en Pietro Fiorentini USA significa entrar en una gran familia y tener la oportunidad de crecer a nivel internacional.\" \/>\n<meta property=\"og:url\" content=\"https:\/\/www.fiorentini-usa.com\/es\/unete-al-equipo\/\" \/>\n<meta property=\"og:site_name\" content=\"Pietro Fiorentini\" \/>\n<meta property=\"article:modified_time\" content=\"2022-12-06T15:31:57+00:00\" \/>\n<meta property=\"og:image\" content=\"https:\/\/www.fiorentini-usa.com\/wp-content\/uploads\/2022\/09\/unete-al-equipo-0b.jpg\" \/>\n\t<meta property=\"og:image:width\" content=\"1920\" \/>\n\t<meta property=\"og:image:height\" content=\"1024\" \/>\n\t<meta property=\"og:image:type\" content=\"image\/jpeg\" \/>\n<meta name=\"twitter:card\" content=\"summary_large_image\" \/>\n<meta name=\"twitter:site\" content=\"@FiorentiniSpa\" \/>\n<meta name=\"twitter:label1\" content=\"Tiempo de lectura\" \/>\n\t<meta name=\"twitter:data1\" content=\"1 minuto\" \/>\n<script type=\"application\/ld+json\" class=\"yoast-schema-graph\">{\"@context\":\"https:\/\/schema.org\",\"@graph\":[{\"@type\":\"WebPage\",\"@id\":\"https:\/\/www.fiorentini-usa.com\/es\/unete-al-equipo\/\",\"url\":\"https:\/\/www.fiorentini-usa.com\/es\/unete-al-equipo\/\",\"name\":\"\u00danete al equipo - Pietro Fiorentini USA\",\"isPartOf\":{\"@id\":\"https:\/\/www.fiorentini-usa.com\/es\/#website\"},\"primaryImageOfPage\":{\"@id\":\"https:\/\/www.fiorentini-usa.com\/es\/unete-al-equipo\/#primaryimage\"},\"image\":{\"@id\":\"https:\/\/www.fiorentini-usa.com\/es\/unete-al-equipo\/#primaryimage\"},\"thumbnailUrl\":\"https:\/\/www.fiorentini-usa.com\/wp-content\/uploads\/2022\/09\/unete-al-equipo-0b.jpg\",\"datePublished\":\"2022-04-29T15:49:17+00:00\",\"dateModified\":\"2022-12-06T15:31:57+00:00\",\"description\":\"Trabajar en Pietro Fiorentini USA significa entrar en una gran familia y tener la oportunidad de crecer a nivel internacional.\",\"breadcrumb\":{\"@id\":\"https:\/\/www.fiorentini-usa.com\/es\/unete-al-equipo\/#breadcrumb\"},\"inLanguage\":\"es\",\"potentialAction\":[{\"@type\":\"ReadAction\",\"target\":[\"https:\/\/www.fiorentini-usa.com\/es\/unete-al-equipo\/\"]}]},{\"@type\":\"ImageObject\",\"inLanguage\":\"es\",\"@id\":\"https:\/\/www.fiorentini-usa.com\/es\/unete-al-equipo\/#primaryimage\",\"url\":\"https:\/\/www.fiorentini-usa.com\/wp-content\/uploads\/2022\/09\/unete-al-equipo-0b.jpg\",\"contentUrl\":\"https:\/\/www.fiorentini-usa.com\/wp-content\/uploads\/2022\/09\/unete-al-equipo-0b.jpg\",\"width\":1920,\"height\":1024},{\"@type\":\"BreadcrumbList\",\"@id\":\"https:\/\/www.fiorentini-usa.com\/es\/unete-al-equipo\/#breadcrumb\",\"itemListElement\":[{\"@type\":\"ListItem\",\"position\":1,\"name\":\"Home\",\"item\":\"https:\/\/www.fiorentini-usa.com\/es\/\"},{\"@type\":\"ListItem\",\"position\":2,\"name\":\"\u00danete al equipo\"}]},{\"@type\":\"WebSite\",\"@id\":\"https:\/\/www.fiorentini-usa.com\/es\/#website\",\"url\":\"https:\/\/www.fiorentini-usa.com\/es\/\",\"name\":\"Pietro Fiorentini\",\"description\":\"\",\"publisher\":{\"@id\":\"https:\/\/www.fiorentini-usa.com\/es\/#organization\"},\"potentialAction\":[{\"@type\":\"SearchAction\",\"target\":{\"@type\":\"EntryPoint\",\"urlTemplate\":\"https:\/\/www.fiorentini-usa.com\/es\/?s={search_term_string}\"},\"query-input\":{\"@type\":\"PropertyValueSpecification\",\"valueRequired\":true,\"valueName\":\"search_term_string\"}}],\"inLanguage\":\"es\"},{\"@type\":\"Organization\",\"@id\":\"https:\/\/www.fiorentini-usa.com\/es\/#organization\",\"name\":\"Pietro Fiorentini SpA\",\"url\":\"https:\/\/www.fiorentini-usa.com\/es\/\",\"logo\":{\"@type\":\"ImageObject\",\"inLanguage\":\"es\",\"@id\":\"https:\/\/www.fiorentini-usa.com\/es\/#\/schema\/logo\/image\/\",\"url\":\"https:\/\/www.fiorentini-usa.com\/wp-content\/uploads\/2020\/11\/logo.svg\",\"contentUrl\":\"https:\/\/www.fiorentini-usa.com\/wp-content\/uploads\/2020\/11\/logo.svg\",\"width\":227,\"height\":59,\"caption\":\"Pietro Fiorentini SpA\"},\"image\":{\"@id\":\"https:\/\/www.fiorentini-usa.com\/es\/#\/schema\/logo\/image\/\"},\"sameAs\":[\"https:\/\/x.com\/FiorentiniSpa\"]}]}<\/script>\n<!-- \/ Yoast SEO plugin. -->","yoast_head_json":{"title":"\u00danete al equipo - Pietro Fiorentini USA","description":"Trabajar en Pietro Fiorentini USA significa entrar en una gran familia y tener la oportunidad de crecer a nivel internacional.","robots":{"index":"index","follow":"follow","max-snippet":"max-snippet:-1","max-image-preview":"max-image-preview:large","max-video-preview":"max-video-preview:-1"},"canonical":"https:\/\/www.fiorentini-usa.com\/es\/unete-al-equipo\/","og_locale":"es_ES","og_type":"article","og_title":"\u00danete al equipo - Pietro Fiorentini USA","og_description":"Trabajar en Pietro Fiorentini USA significa entrar en una gran familia y tener la oportunidad de crecer a nivel internacional.","og_url":"https:\/\/www.fiorentini-usa.com\/es\/unete-al-equipo\/","og_site_name":"Pietro Fiorentini","article_modified_time":"2022-12-06T15:31:57+00:00","og_image":[{"width":1920,"height":1024,"url":"https:\/\/www.fiorentini-usa.com\/wp-content\/uploads\/2022\/09\/unete-al-equipo-0b.jpg","type":"image\/jpeg"}],"twitter_card":"summary_large_image","twitter_site":"@FiorentiniSpa","twitter_misc":{"Tiempo de lectura":"1 minuto"},"schema":{"@context":"https:\/\/schema.org","@graph":[{"@type":"WebPage","@id":"https:\/\/www.fiorentini-usa.com\/es\/unete-al-equipo\/","url":"https:\/\/www.fiorentini-usa.com\/es\/unete-al-equipo\/","name":"\u00danete al equipo - Pietro Fiorentini USA","isPartOf":{"@id":"https:\/\/www.fiorentini-usa.com\/es\/#website"},"primaryImageOfPage":{"@id":"https:\/\/www.fiorentini-usa.com\/es\/unete-al-equipo\/#primaryimage"},"image":{"@id":"https:\/\/www.fiorentini-usa.com\/es\/unete-al-equipo\/#primaryimage"},"thumbnailUrl":"https:\/\/www.fiorentini-usa.com\/wp-content\/uploads\/2022\/09\/unete-al-equipo-0b.jpg","datePublished":"2022-04-29T15:49:17+00:00","dateModified":"2022-12-06T15:31:57+00:00","description":"Trabajar en Pietro Fiorentini USA significa entrar en una gran familia y tener la oportunidad de crecer a nivel internacional.","breadcrumb":{"@id":"https:\/\/www.fiorentini-usa.com\/es\/unete-al-equipo\/#breadcrumb"},"inLanguage":"es","potentialAction":[{"@type":"ReadAction","target":["https:\/\/www.fiorentini-usa.com\/es\/unete-al-equipo\/"]}]},{"@type":"ImageObject","inLanguage":"es","@id":"https:\/\/www.fiorentini-usa.com\/es\/unete-al-equipo\/#primaryimage","url":"https:\/\/www.fiorentini-usa.com\/wp-content\/uploads\/2022\/09\/unete-al-equipo-0b.jpg","contentUrl":"https:\/\/www.fiorentini-usa.com\/wp-content\/uploads\/2022\/09\/unete-al-equipo-0b.jpg","width":1920,"height":1024},{"@type":"BreadcrumbList","@id":"https:\/\/www.fiorentini-usa.com\/es\/unete-al-equipo\/#breadcrumb","itemListElement":[{"@type":"ListItem","position":1,"name":"Home","item":"https:\/\/www.fiorentini-usa.com\/es\/"},{"@type":"ListItem","position":2,"name":"\u00danete al equipo"}]},{"@type":"WebSite","@id":"https:\/\/www.fiorentini-usa.com\/es\/#website","url":"https:\/\/www.fiorentini-usa.com\/es\/","name":"Pietro Fiorentini","description":"","publisher":{"@id":"https:\/\/www.fiorentini-usa.com\/es\/#organization"},"potentialAction":[{"@type":"SearchAction","target":{"@type":"EntryPoint","urlTemplate":"https:\/\/www.fiorentini-usa.com\/es\/?s={search_term_string}"},"query-input":{"@type":"PropertyValueSpecification","valueRequired":true,"valueName":"search_term_string"}}],"inLanguage":"es"},{"@type":"Organization","@id":"https:\/\/www.fiorentini-usa.com\/es\/#organization","name":"Pietro Fiorentini SpA","url":"https:\/\/www.fiorentini-usa.com\/es\/","logo":{"@type":"ImageObject","inLanguage":"es","@id":"https:\/\/www.fiorentini-usa.com\/es\/#\/schema\/logo\/image\/","url":"https:\/\/www.fiorentini-usa.com\/wp-content\/uploads\/2020\/11\/logo.svg","contentUrl":"https:\/\/www.fiorentini-usa.com\/wp-content\/uploads\/2020\/11\/logo.svg","width":227,"height":59,"caption":"Pietro Fiorentini SpA"},"image":{"@id":"https:\/\/www.fiorentini-usa.com\/es\/#\/schema\/logo\/image\/"},"sameAs":["https:\/\/x.com\/FiorentiniSpa"]}]}},"_links":{"self":[{"href":"https:\/\/www.fiorentini-usa.com\/es\/wp-json\/wp\/v2\/pages\/19778","targetHints":{"allow":["GET"]}}],"collection":[{"href":"https:\/\/www.fiorentini-usa.com\/es\/wp-json\/wp\/v2\/pages"}],"about":[{"href":"https:\/\/www.fiorentini-usa.com\/es\/wp-json\/wp\/v2\/types\/page"}],"author":[{"embeddable":true,"href":"https:\/\/www.fiorentini-usa.com\/es\/wp-json\/wp\/v2\/users\/15"}],"replies":[{"embeddable":true,"href":"https:\/\/www.fiorentini-usa.com\/es\/wp-json\/wp\/v2\/comments?post=19778"}],"version-history":[{"count":3,"href":"https:\/\/www.fiorentini-usa.com\/es\/wp-json\/wp\/v2\/pages\/19778\/revisions"}],"predecessor-version":[{"id":21990,"href":"https:\/\/www.fiorentini-usa.com\/es\/wp-json\/wp\/v2\/pages\/19778\/revisions\/21990"}],"wp:featuredmedia":[{"embeddable":true,"href":"https:\/\/www.fiorentini-usa.com\/es\/wp-json\/wp\/v2\/media\/21097"}],"wp:attachment":[{"href":"https:\/\/www.fiorentini-usa.com\/es\/wp-json\/wp\/v2\/media?parent=19778"}],"curies":[{"name":"wp","href":"https:\/\/api.w.org\/{rel}","templated":true}]}}